{"id":549,"date":"2026-01-25T18:03:23","date_gmt":"2026-01-25T16:03:23","guid":{"rendered":"https:\/\/salsabil.fi\/?page_id=549"},"modified":"2026-01-26T14:43:33","modified_gmt":"2026-01-26T12:43:33","slug":"lempeaa-hoitoa-ylivirittyneelle-keholle-ja-mielelle","status":"publish","type":"page","link":"https:\/\/salsabil.fi\/","title":{"rendered":"Lempe\u00e4\u00e4 hoitoa ylivirittyneelle keholle ja mielelle"},"content":{"rendered":"\n<div id=\"wp-block-themeisle-blocks-slider-e3f28cb1\" class=\"wp-block-themeisle-blocks-slider glide\" data-per-view=\"1\" data-gap=\"0\" data-peek=\"0\" data-autoplay=\"true\" data-height=\"400px\" data-hide-arrows=\"false\"><div class=\"glide__track\" data-glide-el=\"track\"><div class=\"glide__slides\"><div class=\"wp-block-themeisle-blocks-slider-item-wrapper glide__slide\" tabindex=\"0\"><figure><img decoding=\"async\" class=\"wp-block-themeisle-blocks-slider-item\" src=\"https:\/\/salsabil.fi\/wp-content\/uploads\/2026\/01\/SALSABIL-Vantaa-hoitohuone-akupunktio.png\" alt=\"Rauhallinen hoitohuone, jossa on hoitop\u00f6yt\u00e4, kaksi tuolia ja sein\u00e4ll\u00e4 jokimaisemataulu.\" title=\"Rauhallinen hoitohuone, jossa on hoitop\u00f6yt\u00e4, kaksi tuolia ja sein\u00e4ll\u00e4 jokimaisemataulu.\" data-id=\"540\"\/><\/figure><\/div><div class=\"wp-block-themeisle-blocks-slider-item-wrapper glide__slide\" tabindex=\"0\"><figure><img decoding=\"async\" class=\"wp-block-themeisle-blocks-slider-item\" src=\"https:\/\/salsabil.fi\/wp-content\/uploads\/2025\/10\/Kuppaus.webp\" alt=\"\" title=\"\" data-id=\"268\"\/><\/figure><\/div><div class=\"wp-block-themeisle-blocks-slider-item-wrapper glide__slide\" tabindex=\"0\"><figure><img decoding=\"async\" class=\"wp-block-themeisle-blocks-slider-item\" src=\"https:\/\/salsabil.fi\/wp-content\/uploads\/2025\/10\/Moxa-hoito.webp\" alt=\"Moxa-hoito akupisteiden l\u00e4mmitt\u00e4miseen hoidon aikana.\" title=\"Moxa-hoito akupisteiden l\u00e4mmitt\u00e4miseen hoidon aikana.\" data-id=\"272\"\/><\/figure><\/div><div class=\"wp-block-themeisle-blocks-slider-item-wrapper glide__slide\" tabindex=\"0\"><figure><img decoding=\"async\" class=\"wp-block-themeisle-blocks-slider-item\" src=\"https:\/\/salsabil.fi\/wp-content\/uploads\/2025\/10\/Korvamagneetit-NADA-salsabil.webp\" alt=\"\" title=\"\" data-id=\"276\"\/><\/figure><\/div><div class=\"wp-block-themeisle-blocks-slider-item-wrapper glide__slide\" tabindex=\"0\"><figure><img decoding=\"async\" class=\"wp-block-themeisle-blocks-slider-item\" src=\"https:\/\/salsabil.fi\/wp-content\/uploads\/2025\/10\/Kosmeettiset-hoidot-1.webp\" alt=\"\" title=\"\" data-id=\"360\"\/><\/figure><\/div><div class=\"wp-block-themeisle-blocks-slider-item-wrapper glide__slide\" tabindex=\"0\"><figure><img decoding=\"async\" class=\"wp-block-themeisle-blocks-slider-item\" src=\"https:\/\/salsabil.fi\/wp-content\/uploads\/2026\/01\/Salsabil-hyvinvoiunti-Vantaa-akupunktio-pienkuva-1.png\" alt=\"Jooga Nidra -harjoitus makuuasennossa.\" title=\"Jooga Nidra -harjoitus makuuasennossa.\" data-id=\"499\"\/><\/figure><\/div><\/div><div class=\"glide__bullets\" data-glide-el=\"controls[nav]\"><button class=\"glide__bullet\" data-glide-dir=\"=0\"><\/button><button class=\"glide__bullet\" data-glide-dir=\"=1\"><\/button><button class=\"glide__bullet\" data-glide-dir=\"=2\"><\/button><button class=\"glide__bullet\" data-glide-dir=\"=3\"><\/button><button class=\"glide__bullet\" data-glide-dir=\"=4\"><\/button><button class=\"glide__bullet\" data-glide-dir=\"=5\"><\/button><\/div><\/div><\/div>\n\n\n\n<p><em>Autan stressaantuneita ja kuormittuneita asiakkaita palautumaan, rauhoittamaan hermostoa ja lis\u00e4\u00e4m\u00e4\u00e4n hyvinvointia kokonaisvaltaisesti.<\/em>&nbsp;&nbsp;<\/p>\n\n\n\n<p>Jos mieli on kuormittunut ja kaipaat pys\u00e4htymist\u00e4 \u2192 Jooga&nbsp;Nidra&nbsp;auttaa rauhoittumaan ja palautumaan.&nbsp;&nbsp;<\/p>\n\n\n\n<p>Jos keho on j\u00e4nnittynyt tai stressi tuntuu fyysisen\u00e4 \u2192 Kuppaus tukee kehon vapautumista ja&nbsp;palautumista&nbsp;<\/p>\n\n\n\n<p><a href=\"https:\/\/salsabil.fi\/?page_id=606\" title=\"\">Varaa aika &#8211; pys\u00e4hdy hoitoon<\/a><\/p>\n\n\n\n<p><\/p>\n\n\n\n<p><\/p>\n\n\n\n<div id=\"wp-block-themeisle-blocks-advanced-columns-96a96054\" class=\"wp-block-themeisle-blocks-advanced-columns alignfull has-1-columns has-desktop-equal-layout has-tablet-equal-layout has-mobile-collapsedRows-layout has-vertical-center ticss-c00aadba\"><div class=\"wp-block-themeisle-blocks-advanced-columns-overlay\"><\/div><div class=\"innerblocks-wrap\">\n<div id=\"wp-block-themeisle-blocks-advanced-column-c8acfbf6\" class=\"wp-block-themeisle-blocks-advanced-column\">\n<div class=\"wp-block-media-text is-stacked-on-mobile\"><figure class=\"wp-block-media-text__media\"><img fetchpriority=\"high\" decoding=\"async\" width=\"1024\" height=\"537\" src=\"https:\/\/salsabil.fi\/wp-content\/uploads\/2026\/01\/Salsabil-hyvinvoiunti-Vantaa-akupunktio-pienkuva-1-1024x537.png\" alt=\"Jooga Nidra -harjoitus makuuasennossa.\" class=\"wp-image-499 size-full\" srcset=\"https:\/\/salsabil.fi\/wp-content\/uploads\/2026\/01\/Salsabil-hyvinvoiunti-Vantaa-akupunktio-pienkuva-1-1024x537.png 1024w, https:\/\/salsabil.fi\/wp-content\/uploads\/2026\/01\/Salsabil-hyvinvoiunti-Vantaa-akupunktio-pienkuva-1-300x157.png 300w, https:\/\/salsabil.fi\/wp-content\/uploads\/2026\/01\/Salsabil-hyvinvoiunti-Vantaa-akupunktio-pienkuva-1-768x403.png 768w, https:\/\/salsabil.fi\/wp-content\/uploads\/2026\/01\/Salsabil-hyvinvoiunti-Vantaa-akupunktio-pienkuva-1-1536x805.png 1536w, https:\/\/salsabil.fi\/wp-content\/uploads\/2026\/01\/Salsabil-hyvinvoiunti-Vantaa-akupunktio-pienkuva-1-600x315.png 600w, https:\/\/salsabil.fi\/wp-content\/uploads\/2026\/01\/Salsabil-hyvinvoiunti-Vantaa-akupunktio-pienkuva-1.png 1591w\" sizes=\"(max-width: 1024px) 100vw, 1024px\" \/><\/figure><div class=\"wp-block-media-text__content\">\n<p>Suosituin palautumishoito stressaantuneille<\/p>\n\n\n\n<p><strong>Jooga&nbsp;Nidra&nbsp;&amp; hermoston rauhoittaminen<\/strong>&nbsp;<\/p>\n\n\n\n<p>Jooga&nbsp;Nidra&nbsp;on lempe\u00e4, ohjattu syv\u00e4rentoutusharjoitus, joka auttaa rauhoittamaan hermostoa, v\u00e4hent\u00e4m\u00e4\u00e4n stressi\u00e4 ja palautumaan arjen kuormituksesta.<\/p>\n<\/div><\/div>\n<\/div>\n<\/div><\/div>\n\n\n\n<p><strong>Sopii sinulle, jos<\/strong><\/p>\n\n\n\n<ul class=\"wp-block-list\">\n<li>Mieli k\u00e4y ylikierroksilla<\/li>\n\n\n\n<li>Keho on jatkuvasti valpas<\/li>\n\n\n\n<li>Uni on levotonta<\/li>\n\n\n\n<li>Kaipaat turvallista pys\u00e4htymist\u00e4<\/li>\n<\/ul>\n\n\n\n<p><strong>Mit\u00e4 Jooga Nidra tukee<\/strong><\/p>\n\n\n\n<ul class=\"wp-block-list\">\n<li>Hermoston rauhoittumista<\/li>\n\n\n\n<li>Syv\u00e4\u00e4 lepoa ja rauhoittumista<\/li>\n\n\n\n<li>Keskittymiskyky\u00e4<\/li>\n\n\n\n<li>L\u00e4sn\u00e4olon tunnetta<\/li>\n<\/ul>\n\n\n\n<p><strong>Hinnat<\/strong><\/p>\n\n\n\n<ul class=\"wp-block-list\">\n<li>49\u20ac\/5 kertaa (ryhm\u00e4)<\/li>\n\n\n\n<li>Yksitt\u00e4inen tutustumiskerta: 15\u20ac<\/li>\n\n\n\n<li>Yksil\u00f6ohjaus ja yhdistelm\u00e4hoidot: ajan mukaan<\/li>\n<\/ul>\n\n\n\n<p><a href=\"https:\/\/salsabil.fi\/?page_id=606\" target=\"_blank\" rel=\"noopener\" title=\"\">Varaa Jooga Nidra<\/a><\/p>\n\n\n\n<div id=\"wp-block-themeisle-blocks-advanced-columns-3054eca2\" class=\"wp-block-themeisle-blocks-advanced-columns alignfull has-1-columns has-desktop-equal-layout has-tablet-equal-layout has-mobile-equal-layout has-vertical-center ticss-c00aadba\"><div class=\"wp-block-themeisle-blocks-advanced-columns-overlay\"><\/div><div class=\"innerblocks-wrap\">\n<div id=\"wp-block-themeisle-blocks-advanced-column-157808d8\" class=\"wp-block-themeisle-blocks-advanced-column\">\n<p><strong>MUUT PALVELUMME<\/strong><\/p>\n<\/div>\n<\/div><\/div>\n\n\n\n<div id=\"wp-block-themeisle-blocks-advanced-columns-c67d7ff1\" class=\"wp-block-themeisle-blocks-advanced-columns alignfull has-5-columns has-desktop-equal-layout has-tablet-equal-layout has-mobile-collapsedRows-layout has-vertical-center ticss-c00aadba\"><div class=\"wp-block-themeisle-blocks-advanced-columns-overlay\"><\/div><div class=\"innerblocks-wrap\">\n<div id=\"wp-block-themeisle-blocks-advanced-column-bb26acba\" class=\"wp-block-themeisle-blocks-advanced-column\">\n<figure class=\"wp-block-image size-full\"><img decoding=\"async\" width=\"612\" height=\"408\" src=\"https:\/\/salsabil.fi\/wp-content\/uploads\/2026\/01\/Kuppaus.jpg\" alt=\"Kuppaushoito sel\u00e4n alueelle tukemassa kehon palautumista ja rentoutumista\" class=\"wp-image-555\" srcset=\"https:\/\/salsabil.fi\/wp-content\/uploads\/2026\/01\/Kuppaus.jpg 612w, https:\/\/salsabil.fi\/wp-content\/uploads\/2026\/01\/Kuppaus-300x200.jpg 300w, https:\/\/salsabil.fi\/wp-content\/uploads\/2026\/01\/Kuppaus-600x400.jpg 600w\" sizes=\"(max-width: 612px) 100vw, 612px\" \/><\/figure>\n\n\n\n<p><strong>KUPPAUS \u2013 KEHON J\u00c4NNITYSTEN VAPAUTTAMISEEN<\/strong><\/p>\n\n\n\n<p>Kuppaus on perinteinen hoitomuoto, joka tukee kehon aineenvaihduntaa, lievitt\u00e4\u00e4 lihasj\u00e4nnityksi\u00e4 ja auttaa kehoa p\u00e4\u00e4st\u00e4m\u00e4\u00e4n irti kuormituksesta.<\/p>\n\n\n\n<p><strong>Sopii sinulle, jos<\/strong><\/p>\n\n\n\n<ul class=\"wp-block-list\">\n<li>Keho tuntuu j\u00e4yk\u00e4lt\u00e4 tai tukkoiselta<\/li>\n\n\n\n<li>Palautuminen on hidasta<\/li>\n\n\n\n<li>Stressi tuntuu kehossa<\/li>\n\n\n\n<li>Kaipaat syvemp\u00e4\u00e4 kehollista rentoutusta<\/li>\n<\/ul>\n\n\n\n<p><strong>Mit\u00e4 kuppaus tukee<\/strong><\/p>\n\n\n\n<ul class=\"wp-block-list\">\n<li>Lihasj\u00e4nnitysten vapautumista<\/li>\n\n\n\n<li>Verenkiertoa ja aineenvaihduntaa<\/li>\n\n\n\n<li>Kehon omaa palautumista<\/li>\n\n\n\n<li>Rentoutumista<\/li>\n<\/ul>\n\n\n\n<p><strong>Hinta<\/strong><\/p>\n\n\n\n<ul class=\"wp-block-list\">\n<li>40\u20ac \/ 30min<\/li>\n\n\n\n<li>Yhdistett\u00e4viss\u00e4 jooga nidraan ja muihin hoitoihin<\/li>\n<\/ul>\n\n\n\n<p><a href=\"https:\/\/salsabil.fi\/?page_id=606\" title=\"\"><strong>Varaa aika<\/strong><\/a><\/p>\n\n\n\n<p><a href=\"#KUPPAUS\" target=\"_blank\" rel=\"noopener\" title=\"\">Lue lis\u00e4\u00e4<\/a><\/p>\n<\/div>\n\n\n\n<div id=\"wp-block-themeisle-blocks-advanced-column-65df8dcc\" class=\"wp-block-themeisle-blocks-advanced-column\">\n<div style=\"height:56px\" aria-hidden=\"true\" class=\"wp-block-spacer\"><\/div>\n<\/div>\n\n\n\n<div id=\"wp-block-themeisle-blocks-advanced-column-716dae26\" class=\"wp-block-themeisle-blocks-advanced-column\">\n<figure class=\"wp-block-image size-full\"><img decoding=\"async\" width=\"612\" height=\"448\" src=\"https:\/\/salsabil.fi\/wp-content\/uploads\/2025\/10\/Moxa-hoito.webp\" alt=\"Moxa-hoito akupisteiden l\u00e4mmitt\u00e4miseen hoidon aikana.\" class=\"wp-image-272\" srcset=\"https:\/\/salsabil.fi\/wp-content\/uploads\/2025\/10\/Moxa-hoito.webp 612w, https:\/\/salsabil.fi\/wp-content\/uploads\/2025\/10\/Moxa-hoito-300x220.webp 300w, https:\/\/salsabil.fi\/wp-content\/uploads\/2025\/10\/Moxa-hoito-600x439.webp 600w\" sizes=\"(max-width: 612px) 100vw, 612px\" \/><\/figure>\n\n\n\n<p><strong>MOXA-HOITO<\/strong><\/p>\n\n\n\n<p>Moxa-hoidossa kehoa l\u00e4mmitet\u00e4\u00e4n moxalla akupisteiden tai hoidettavan alueen yl\u00e4puolelta. Hoito on rauhallinen ja lempe\u00e4, ja se toteutetaan aina asiakkaan tuntemusten mukaan.<\/p>\n\n\n\n<p><strong>Sopii sinulle, jos<\/strong><\/p>\n\n\n\n<ul class=\"wp-block-list\">\n<li>Koet kehon kylmyytt\u00e4, j\u00e4ykkyytt\u00e4 tai v\u00e4symyst\u00e4<\/li>\n\n\n\n<li>Stressi tai kuormitus tuntuu kehossa<\/li>\n\n\n\n<li>Kaipaat lempe\u00e4\u00e4, l\u00e4mmitt\u00e4v\u00e4\u00e4 hoitoa<\/li>\n\n\n\n<li>Haluat tukea kehon palautumista ja rauhoittumista<\/li>\n<\/ul>\n\n\n\n<p><strong>Mit\u00e4 moxa-hoito tukee<\/strong><\/p>\n\n\n\n<ul class=\"wp-block-list\">\n<li>Kehon l\u00e4mm\u00f6n ja rentouden lis\u00e4\u00e4ntymist\u00e4<\/li>\n\n\n\n<li>J\u00e4nnitysten ja kuormituksen lievittymist\u00e4<\/li>\n\n\n\n<li>Hermoston rauhoittumista<\/li>\n\n\n\n<li>Kokonaisvaltaista hyvinvointia ja palautumista<\/li>\n<\/ul>\n\n\n\n<p><strong>Hinta<\/strong><\/p>\n\n\n\n<ul class=\"wp-block-list\">\n<li>40\u20ac \/ 30min<\/li>\n\n\n\n<li>Yhdistett\u00e4viss\u00e4 jooga nidraan ja muihin hoitoihin<\/li>\n<\/ul>\n\n\n\n<p><a href=\"https:\/\/salsabil.fi\/?page_id=606\" title=\"\"><strong>Varaa aika<\/strong><\/a><\/p>\n\n\n\n<p><a href=\"#MOXA\" target=\"_blank\" rel=\"noopener\" title=\"\">Lue lis\u00e4\u00e4<\/a><\/p>\n<\/div>\n\n\n\n<div id=\"wp-block-themeisle-blocks-advanced-column-52c28e4d\" class=\"wp-block-themeisle-blocks-advanced-column\">\n<div style=\"height:100px\" aria-hidden=\"true\" class=\"wp-block-spacer\"><\/div>\n<\/div>\n\n\n\n<div id=\"wp-block-themeisle-blocks-advanced-column-08d48edf\" class=\"wp-block-themeisle-blocks-advanced-column\">\n<figure class=\"wp-block-image size-large\"><img loading=\"lazy\" decoding=\"async\" width=\"1024\" height=\"685\" src=\"https:\/\/salsabil.fi\/wp-content\/uploads\/2025\/10\/Salsabil-hyvinvointipalvelut-hieronta-tuina-1024x685.jpg\" alt=\"K\u00e4det sel\u00e4n p\u00e4\u00e4ll\u00e4 hoitotilanteessa.\" class=\"wp-image-401\" srcset=\"https:\/\/salsabil.fi\/wp-content\/uploads\/2025\/10\/Salsabil-hyvinvointipalvelut-hieronta-tuina-1024x685.jpg 1024w, https:\/\/salsabil.fi\/wp-content\/uploads\/2025\/10\/Salsabil-hyvinvointipalvelut-hieronta-tuina-300x201.jpg 300w, https:\/\/salsabil.fi\/wp-content\/uploads\/2025\/10\/Salsabil-hyvinvointipalvelut-hieronta-tuina-768x514.jpg 768w, https:\/\/salsabil.fi\/wp-content\/uploads\/2025\/10\/Salsabil-hyvinvointipalvelut-hieronta-tuina-600x401.jpg 600w, https:\/\/salsabil.fi\/wp-content\/uploads\/2025\/10\/Salsabil-hyvinvointipalvelut-hieronta-tuina.jpg 1280w\" sizes=\"(max-width: 1024px) 100vw, 1024px\" \/><\/figure>\n\n\n\n<p><strong>YHDISTELM\u00c4HOITO KEHOLLE JA MIELELLE<\/strong><\/p>\n\n\n\n<p>Yhdistelm\u00e4hoito rakentuu samoista lempeist\u00e4 hoitomuodoista kuin yksitt\u00e4iset hoidot, mutta mahdollistaa niiden yhdist\u00e4misen yksil\u00f6lliseksi kokonaisuudeksi.<\/p>\n\n\n\n<p><strong>Sopii sinulle, jos<\/strong><\/p>\n\n\n\n<ul class=\"wp-block-list\">\n<li>Koet stressi\u00e4, kuormitusta tai ylivireytt\u00e4<\/li>\n\n\n\n<li>Kaipaat sek\u00e4 kehon ett\u00e4 mielen rauhoittumista<\/li>\n\n\n\n<li>Kokonaisvaltaista hyvinvointia ja levon kokemusta<\/li>\n<\/ul>\n\n\n\n<p><strong>Mit\u00e4 yhdistelm\u00e4hoito tukee<\/strong><\/p>\n\n\n\n<ul class=\"wp-block-list\">\n<li>Hermoston rauhoittumista ja palautumista<\/li>\n\n\n\n<li>Kehon j\u00e4nnitysten ja stressikuorman purkautumista<\/li>\n\n\n\n<li>Kokonaisvaltaista hyvinvointia ja levon kokemusta<\/li>\n\n\n\n<li>kehon ja mielen tasapainoa<\/li>\n<\/ul>\n\n\n\n<p>Hoidot valitaan aina tilanteesi ja toiveidesi mukaan. Yhdistelm\u00e4hoito voi sis\u00e4lt\u00e4\u00e4 esimerkiksi Jooga Nidraa, kuppausta, moxa-hoitoa tai kosmeettisia hoitoja kuten kasvojen kuppausta tai gua shaa.<\/p>\n\n\n\n<p><strong>Hoitovaihtoehdot ja hinta<\/strong><\/p>\n\n\n\n<ul class=\"wp-block-list\">\n<li>Yhdistelm\u00e4hoito 45min \/ 60\u20ac\n<ul class=\"wp-block-list\">\n<li>Kuppaus tai moxa-hoito 30min<\/li>\n\n\n\n<li>Jooga Nidra 15min<\/li>\n<\/ul>\n<\/li>\n\n\n\n<li>Yksil\u00f6llinen yhdistelm\u00e4hoito 60min \/ 80\u20ac\n<ul class=\"wp-block-list\">\n<li>Valitse vapaasti 2\u20133 hoitoa tarpeesi mukaan<\/li>\n<\/ul>\n<\/li>\n<\/ul>\n\n\n\n<p><a href=\"https:\/\/salsabil.fi\/?page_id=606\" title=\"\"><strong>Varaa aika<\/strong><\/a><\/p>\n\n\n\n<p><\/p>\n\n\n\n<p><\/p>\n\n\n\n<p><\/p>\n<\/div>\n<\/div><\/div>\n","protected":false},"excerpt":{"rendered":"<p>Autan stressaantuneita ja kuormittuneita asiakkaita palautumaan, rauhoittamaan hermostoa ja lis\u00e4\u00e4m\u00e4\u00e4n hyvinvointia kokonaisvaltaisesti.&nbsp;&nbsp; Jos mieli on kuormittunut ja kaipaat pys\u00e4htymist\u00e4 \u2192 Jooga&nbsp;Nidra&nbsp;auttaa rauhoittumaan ja palautumaan.&nbsp;&nbsp; Jos keho on j\u00e4nnittynyt tai stressi tuntuu fyysisen\u00e4 \u2192 Kuppaus tukee kehon vapautumista ja&nbsp;palautumista&nbsp; Varaa aika &#8211; pys\u00e4hdy hoitoon Sopii sinulle, jos Mit\u00e4 Jooga Nidra tukee Hinnat Varaa Jooga Nidra<\/p>\n","protected":false},"author":1,"featured_media":0,"parent":0,"menu_order":0,"comment_status":"closed","ping_status":"closed","template":"salsabil","meta":{"om_disable_all_campaigns":false,"_exactmetrics_skip_tracking":false,"_exactmetrics_sitenote_active":false,"_exactmetrics_sitenote_note":"","_exactmetrics_sitenote_category":0,"_monsterinsights_skip_tracking":false,"_monsterinsights_sitenote_active":false,"_monsterinsights_sitenote_note":"","_monsterinsights_sitenote_category":0,"postBodyCss":"","postBodyMargin":[],"postBodyPadding":[],"postBodyBackground":{"backgroundType":"classic","gradient":""},"_themeisle_gutenberg_block_has_review":false,"footnotes":""},"class_list":["post-549","page","type-page","status-publish","hentry"],"aioseo_notices":[],"_links":{"self":[{"href":"https:\/\/salsabil.fi\/index.php?rest_route=\/wp\/v2\/pages\/549","targetHints":{"allow":["GET"]}}],"collection":[{"href":"https:\/\/salsabil.fi\/index.php?rest_route=\/wp\/v2\/pages"}],"about":[{"href":"https:\/\/salsabil.fi\/index.php?rest_route=\/wp\/v2\/types\/page"}],"author":[{"embeddable":true,"href":"https:\/\/salsabil.fi\/index.php?rest_route=\/wp\/v2\/users\/1"}],"replies":[{"embeddable":true,"href":"https:\/\/salsabil.fi\/index.php?rest_route=%2Fwp%2Fv2%2Fcomments&post=549"}],"version-history":[{"count":28,"href":"https:\/\/salsabil.fi\/index.php?rest_route=\/wp\/v2\/pages\/549\/revisions"}],"predecessor-version":[{"id":613,"href":"https:\/\/salsabil.fi\/index.php?rest_route=\/wp\/v2\/pages\/549\/revisions\/613"}],"wp:attachment":[{"href":"https:\/\/salsabil.fi\/index.php?rest_route=%2Fwp%2Fv2%2Fmedia&parent=549"}],"curies":[{"name":"wp","href":"https:\/\/api.w.org\/{rel}","templated":true}]}}