{"id":408,"date":"2025-10-16T12:13:00","date_gmt":"2025-10-16T09:13:00","guid":{"rendered":"https:\/\/salsabil.fi\/?page_id=408"},"modified":"2026-01-18T18:36:30","modified_gmt":"2026-01-18T16:36:30","slug":"yrityksille","status":"publish","type":"page","link":"https:\/\/salsabil.fi\/?page_id=408","title":{"rendered":"YRITYKSILLE"},"content":{"rendered":"\n<p><strong>PALVELUMME YRITYKSILLE<\/strong>-palautumista, keskittymiskyky\u00e4 ja kest\u00e4v\u00e4\u00e4 jaksamista<\/p>\n\n\n\n<p><strong>Salsabil Oy tarjoaa yrityksille kokonaisvaltaisia palautumisen ja stressins\u00e4\u00e4telyn palveluja<\/strong>, jotka tukevat asiantuntijaty\u00f6t\u00e4, keskittymiskyky\u00e4 ja ty\u00f6ss\u00e4 jaksamista.<\/p>\n\n\n\n<p>Ty\u00f6el\u00e4m\u00e4n kuormitus n\u00e4kyy usein ylivireyten\u00e4, univaikeuksina, keskittymisvaikeuksina ja palautumisen heikkenemisen\u00e4. Palvelumme auttavat rauhoittamaan hermostoa, vahvistamaan itses\u00e4\u00e4tely\u00e4 ja lis\u00e4\u00e4m\u00e4\u00e4n energiaa \u2013 ty\u00f6p\u00e4iv\u00e4n aikana ja sen j\u00e4lkeen.<\/p>\n\n\n\n<p>Palvelut soveltuvat erityisesti <strong>asiantuntija- ja tietoty\u00f6h\u00f6n<\/strong>, mutta r\u00e4\u00e4t\u00e4l\u00f6id\u00e4\u00e4n aina yrityksen tarpeiden mukaan.<\/p>\n\n\n\n<p><strong>Palvelukokonaisuudet yrityksille<\/strong><br>Tarjoamme yrityksille valmiita palvelupaketteja:<\/p>\n\n\n\n<ul class=\"wp-block-list\">\n<li>Tutustumisp\u00e4iv\u00e4 (30min &#8211; 2h)<\/li>\n\n\n\n<li>30 p\u00e4iv\u00e4n palvelukokonaisuus<\/li>\n\n\n\n<li>3 kuukauden palvelukokonaisuus<\/li>\n<\/ul>\n\n\n\n<p>Kokonaisuudet voivat sis\u00e4lt\u00e4\u00e4 ryhm\u00e4ohjelmaa, luentoja sek\u00e4 mahdollisuuden yksil\u00f6llisiin hoitoihin yrityksen tiloissa.<\/p>\n\n\n\n<p><strong>Ryhm\u00e4palvelut ja luennot<br><\/strong>Yrityksille tarjottavat ryhm\u00e4palvelut voivat sis\u00e4lt\u00e4\u00e4 esimerkiksi:<\/p>\n\n\n\n<ul class=\"wp-block-list\">\n<li><strong>Jooga Nidra<\/strong> \u2013 syv\u00e4rentoutus ja palautuminen<\/li>\n\n\n\n<li><strong>Hengitysharjoitukset<\/strong> (energisoivat ja\/tai rauhoittavat)<\/li>\n\n\n\n<li><strong>Qi Gong -harjoitteet<\/strong><\/li>\n\n\n\n<li><strong>Luento kiinalaisen l\u00e4\u00e4ketieteen mukaisesta ruokavaliohoidosta<\/strong> (30 min)<br><\/li>\n<\/ul>\n\n\n\n<p><strong>Yksil\u00f6hoidot yrityksen tiloissa<\/strong><br>Palvelupaketteihin on mahdollista liitt\u00e4\u00e4 <strong>yksil\u00f6llisi\u00e4 hoitoja henkil\u00f6st\u00f6hintaan (40 \u20ac \/ 30 min)<\/strong>, esimerkiksi:<\/p>\n\n\n\n<ul class=\"wp-block-list\">\n<li>Liukukuppaus<\/li>\n\n\n\n<li>Yrttikuppaus ja kuivakuppaus<\/li>\n\n\n\n<li>Akupainanta<\/li>\n\n\n\n<li>Moxa-hoito<\/li>\n\n\n\n<li>Hieronta<\/li>\n<\/ul>\n\n\n\n<p><br>Yksil\u00f6hoidot tukevat erityisesti stressin lievittymist\u00e4, kehon j\u00e4nnitysten purkua ja palautumista.<\/p>\n\n\n\n<p><strong>Miksi Salsabil?<\/strong><br>Olen Saga, Salsabil Oy:n perustaja.<br>Olen ty\u00f6skennellyt <strong>15 vuotta IT-alalla SAP BI -konsulttina<\/strong> ja toiminut samaan aikaan omaishoitajana, joten tunnen kuormituksen todellisuuden my\u00f6s omakohtaisesti.<br>Palautumismenetelm\u00e4t, joita nyt tarjoan yrityksille, auttoivat minut itse ulos ylikuormituksesta. Olen opiskellut <strong>kiinalaista l\u00e4\u00e4ketiedett\u00e4<\/strong>, ja hy\u00f6dynn\u00e4n ty\u00f6ss\u00e4ni mm. jooga nidraa, akupunktiota, akupainantaa ja ruokavaliohoitoja keskittymiskyvyn, energiatasojen ja stressinsietokyvyn tukemiseksi.<br>Ty\u00f6skentelytapani on lempe\u00e4, k\u00e4yt\u00e4nn\u00f6nl\u00e4heinen ja helposti integroitavissa ty\u00f6p\u00e4iv\u00e4n rakenteisiin.<\/p>\n\n\n\n<p><strong>R\u00e4\u00e4t\u00e4l\u00f6idyt kokonaisuudet<\/strong><br>Voimme r\u00e4\u00e4t\u00e4l\u00f6id\u00e4 <strong>juuri teid\u00e4n yrityksellenne sopivan palvelukokonaisuuden<\/strong> \u2013 olipa tavoitteena ty\u00f6hyvinvoinnin tukeminen, palautumisen vahvistaminen tai henkil\u00f6st\u00f6n jaksamisen parantaminen.<\/p>\n\n\n\n<p>Ota yhteytt\u00e4 lomakkeella tai s\u00e4hk\u00f6postitse: asiakaspalvelu@salsabil.fi<\/p>\n\n\n\n<p><\/p>\n\n\n\n<div id=\"wp-block-themeisle-blocks-form-1d3a04c5\" class=\"wp-block-themeisle-blocks-form\" data-option-name=\"bf9b28ff82ce323187abc5d0feb0d8f07ecd8436_1d3a04c5\"><form class=\"otter-form__container\">\n<div id=\"wp-block-themeisle-blocks-form-input-7057892d\" class=\"wp-block-themeisle-blocks-form-input\"><label for=\"wp-block-themeisle-blocks-form-input-7057892d-input\" class=\"otter-form-input-label\"><span class=\"otter-form-input-label__label\">Nimi<\/span><span class=\"required\">*<\/span><\/label><input type=\"text\" id=\"wp-block-themeisle-blocks-form-input-7057892d-input\" required class=\"otter-form-input\"\/><\/div>\n\n\n\n<div id=\"wp-block-themeisle-blocks-form-input-9c14b495\" class=\"wp-block-themeisle-blocks-form-input\"><label for=\"wp-block-themeisle-blocks-form-input-9c14b495-input\" class=\"otter-form-input-label\"><span class=\"otter-form-input-label__label\">S\u00e4hk\u00f6postiosoite<\/span><span class=\"required\">*<\/span><\/label><input type=\"email\" id=\"wp-block-themeisle-blocks-form-input-9c14b495-input\" required class=\"otter-form-input\"\/><\/div>\n\n\n<div class=\"protection\" aria-hidden=\"true\"><input type=\"hidden\" id=\"wp-block-themeisle-blocks-form-1d3a04c5_nonce_field\" name=\"wp-block-themeisle-blocks-form-1d3a04c5_nonce_field\" value=\"e5f5e6afc7\" \/><input type=\"hidden\" name=\"_wp_http_referer\" value=\"\/index.php?rest_route=%2Fwp%2Fv2%2Fpages%2F408\" \/><input class=\"o-anti-bot\" type=\"checkbox\"><\/div>\n\n\n<div id=\"wp-block-themeisle-blocks-form-textarea-071ab4c4\" class=\"wp-block-themeisle-blocks-form-textarea\"><label for=\"wp-block-themeisle-blocks-form-textarea-071ab4c4-input\" class=\"otter-form-textarea-label\"><span class=\"otter-form-textarea-label__label\">Viesti<\/span><\/label><textarea id=\"wp-block-themeisle-blocks-form-textarea-071ab4c4-input\" rows=\"10\" class=\"otter-form-textarea-input\"><\/textarea><\/div>\n<div class=\"wp-block-button\"><button class=\"wp-block-button__link\" type=\"submit\">L\u00e4het\u00e4<\/button><\/div><\/form><\/div>\n","protected":false},"excerpt":{"rendered":"<p>PALVELUMME YRITYKSILLE-palautumista, keskittymiskyky\u00e4 ja kest\u00e4v\u00e4\u00e4 jaksamista Salsabil Oy tarjoaa yrityksille kokonaisvaltaisia palautumisen ja stressins\u00e4\u00e4telyn palveluja, jotka tukevat asiantuntijaty\u00f6t\u00e4, keskittymiskyky\u00e4 ja ty\u00f6ss\u00e4 jaksamista. Ty\u00f6el\u00e4m\u00e4n kuormitus n\u00e4kyy usein ylivireyten\u00e4, univaikeuksina, keskittymisvaikeuksina ja palautumisen heikkenemisen\u00e4. Palvelumme auttavat rauhoittamaan hermostoa, vahvistamaan itses\u00e4\u00e4tely\u00e4 ja lis\u00e4\u00e4m\u00e4\u00e4n energiaa \u2013 ty\u00f6p\u00e4iv\u00e4n aikana ja sen j\u00e4lkeen. Palvelut soveltuvat erityisesti asiantuntija- ja tietoty\u00f6h\u00f6n, mutta r\u00e4\u00e4t\u00e4l\u00f6id\u00e4\u00e4n [&hellip;]<\/p>\n","protected":false},"author":1,"featured_media":0,"parent":0,"menu_order":0,"comment_status":"closed","ping_status":"closed","template":"salsabil","meta":{"om_disable_all_campaigns":false,"_exactmetrics_skip_tracking":false,"_exactmetrics_sitenote_active":false,"_exactmetrics_sitenote_note":"","_exactmetrics_sitenote_category":0,"_monsterinsights_skip_tracking":false,"_monsterinsights_sitenote_active":false,"_monsterinsights_sitenote_note":"","_monsterinsights_sitenote_category":0,"postBodyCss":"","postBodyMargin":[],"postBodyPadding":[],"postBodyBackground":{"backgroundType":"classic","gradient":""},"_themeisle_gutenberg_block_has_review":false,"footnotes":""},"class_list":["post-408","page","type-page","status-publish","hentry"],"aioseo_notices":[],"_links":{"self":[{"href":"https:\/\/salsabil.fi\/index.php?rest_route=\/wp\/v2\/pages\/408","targetHints":{"allow":["GET"]}}],"collection":[{"href":"https:\/\/salsabil.fi\/index.php?rest_route=\/wp\/v2\/pages"}],"about":[{"href":"https:\/\/salsabil.fi\/index.php?rest_route=\/wp\/v2\/types\/page"}],"author":[{"embeddable":true,"href":"https:\/\/salsabil.fi\/index.php?rest_route=\/wp\/v2\/users\/1"}],"replies":[{"embeddable":true,"href":"https:\/\/salsabil.fi\/index.php?rest_route=%2Fwp%2Fv2%2Fcomments&post=408"}],"version-history":[{"count":8,"href":"https:\/\/salsabil.fi\/index.php?rest_route=\/wp\/v2\/pages\/408\/revisions"}],"predecessor-version":[{"id":526,"href":"https:\/\/salsabil.fi\/index.php?rest_route=\/wp\/v2\/pages\/408\/revisions\/526"}],"wp:attachment":[{"href":"https:\/\/salsabil.fi\/index.php?rest_route=%2Fwp%2Fv2%2Fmedia&parent=408"}],"curies":[{"name":"wp","href":"https:\/\/api.w.org\/{rel}","templated":true}]}}