{"id":380,"date":"2025-10-15T18:48:14","date_gmt":"2025-10-15T15:48:14","guid":{"rendered":"https:\/\/salsabil.fi\/?page_id=380"},"modified":"2026-01-18T16:13:05","modified_gmt":"2026-01-18T14:13:05","slug":"tietoa-meista","status":"publish","type":"page","link":"https:\/\/salsabil.fi\/?page_id=380","title":{"rendered":"Tietoa meist\u00e4"},"content":{"rendered":"\n<p><strong>Salsabil Oy \u2013 hyvinvointia ja l\u00e4sn\u00e4oloa syd\u00e4mell\u00e4 Vantaalla<\/strong><\/p>\n\n\n\n<p>Salsabil Oy tarjoaa lempeit\u00e4 ja kokonaisvaltaisia hyvinvointipalveluita Vantaalla Simonkyl\u00e4ss\u00e4 l\u00e4hell\u00e4 Tikkurilaa. Palveluihimme kuuluvat kuppaus, erilaiset rentouttavat ja elvyt\u00adt\u00e4v\u00e4t hoidot sek\u00e4 kosmeettiset palvelut, jotka tukevat sek\u00e4 kehon ett\u00e4 mielen hyvinvointia.<\/p>\n\n\n\n<div class=\"wp-block-media-text is-stacked-on-mobile\" style=\"grid-template-columns:37% auto\"><figure class=\"wp-block-media-text__media\"><img fetchpriority=\"high\" decoding=\"async\" width=\"808\" height=\"1024\" src=\"https:\/\/salsabil.fi\/wp-content\/uploads\/2026\/01\/Saga-Salsabil-hyvinvointi-Vantaa-akupunktio-jooga-nidra-808x1024.jpeg\" alt=\"Hymyilev\u00e4 hyvinvointialan ammattilainen sis\u00e4tiloissa, taustalla vaaleanvihre\u00e4t verhot.\" class=\"wp-image-495 size-full\" srcset=\"https:\/\/salsabil.fi\/wp-content\/uploads\/2026\/01\/Saga-Salsabil-hyvinvointi-Vantaa-akupunktio-jooga-nidra-808x1024.jpeg 808w, https:\/\/salsabil.fi\/wp-content\/uploads\/2026\/01\/Saga-Salsabil-hyvinvointi-Vantaa-akupunktio-jooga-nidra-237x300.jpeg 237w, https:\/\/salsabil.fi\/wp-content\/uploads\/2026\/01\/Saga-Salsabil-hyvinvointi-Vantaa-akupunktio-jooga-nidra-768x974.jpeg 768w, https:\/\/salsabil.fi\/wp-content\/uploads\/2026\/01\/Saga-Salsabil-hyvinvointi-Vantaa-akupunktio-jooga-nidra-1212x1536.jpeg 1212w, https:\/\/salsabil.fi\/wp-content\/uploads\/2026\/01\/Saga-Salsabil-hyvinvointi-Vantaa-akupunktio-jooga-nidra-600x761.jpeg 600w, https:\/\/salsabil.fi\/wp-content\/uploads\/2026\/01\/Saga-Salsabil-hyvinvointi-Vantaa-akupunktio-jooga-nidra.jpeg 1262w\" sizes=\"(max-width: 808px) 100vw, 808px\" \/><\/figure><div class=\"wp-block-media-text__content\">\n<p>Olen&nbsp;Saga,&nbsp;Salsabilin&nbsp;perustaja. Taustaltani olen KTM ja laborantti, ja olen opiskellut kiinalaista l\u00e4\u00e4ketiedett\u00e4 2,5 vuoden ajan. Lis\u00e4ksi olen perehtynyt l\u00e4nsimaisen l\u00e4\u00e4ketieteen perusteisiin, kuten anatomiaan, fysiologiaan ja tautioppiin.&nbsp;<\/p>\n<\/div><\/div>\n\n\n\n<p>Kiinalaisen l\u00e4\u00e4ketieteen opintoihini ovat kuuluneet akupunktio, kuppaus,&nbsp;moxa-hoito,&nbsp;tuina-hieronta sek\u00e4 ruokavaliohoito. Ty\u00f6skentelytapani pohjautuu kehon kokonaisuuden ymm\u00e4rt\u00e4miseen ja siihen, ett\u00e4 hyvinvointi rakentuu useista toisiaan tukevista tekij\u00f6ist\u00e4.&nbsp;<\/p>\n\n\n\n<p><strong>Matka kohti hyvinvointialaa<\/strong>&nbsp;<\/p>\n\n\n\n<p>Kiinnostukseni ruokavaliohoitoihin ja kehon tasapainoon her\u00e4si jo parikymment\u00e4 vuotta sitten, kun huomasin niiden vaikutuksen omaan energiatasooni ja keskittymiskykyyni. Vuosien my\u00f6t\u00e4 kiinnostus laajeni yrttil\u00e4\u00e4kint\u00e4\u00e4n ja kiinalaiseen l\u00e4\u00e4ketieteeseen.&nbsp;<\/p>\n\n\n\n<p>Ajatus alan vaihdosta IT-alan konsulttity\u00f6st\u00e4 hyvinvointialalle syntyi v\u00e4hitellen \u2013 halusta ty\u00f6skennell\u00e4 ihmisen kokonaisuuden parissa ja tukea palautumista arjen kuormituksesta.<\/p>\n\n\n\n<p><strong>Jooga&nbsp;Nidra&nbsp;\u2013 syv\u00e4rentoutumista ja integraatiota<\/strong>&nbsp;<\/p>\n\n\n\n<figure class=\"wp-block-image size-large\"><img decoding=\"async\" width=\"1024\" height=\"537\" src=\"https:\/\/salsabil.fi\/wp-content\/uploads\/2026\/01\/Salsabil-hyvinvoiunti-Vantaa-akupunktio-pienkuva-2-1024x537.png\" alt=\"\" class=\"wp-image-500\" srcset=\"https:\/\/salsabil.fi\/wp-content\/uploads\/2026\/01\/Salsabil-hyvinvoiunti-Vantaa-akupunktio-pienkuva-2-1024x537.png 1024w, https:\/\/salsabil.fi\/wp-content\/uploads\/2026\/01\/Salsabil-hyvinvoiunti-Vantaa-akupunktio-pienkuva-2-300x157.png 300w, https:\/\/salsabil.fi\/wp-content\/uploads\/2026\/01\/Salsabil-hyvinvoiunti-Vantaa-akupunktio-pienkuva-2-768x403.png 768w, https:\/\/salsabil.fi\/wp-content\/uploads\/2026\/01\/Salsabil-hyvinvoiunti-Vantaa-akupunktio-pienkuva-2-1536x805.png 1536w, https:\/\/salsabil.fi\/wp-content\/uploads\/2026\/01\/Salsabil-hyvinvoiunti-Vantaa-akupunktio-pienkuva-2-600x315.png 600w, https:\/\/salsabil.fi\/wp-content\/uploads\/2026\/01\/Salsabil-hyvinvoiunti-Vantaa-akupunktio-pienkuva-2.png 1591w\" sizes=\"(max-width: 1024px) 100vw, 1024px\" \/><\/figure>\n\n\n\n<p>Olen harjoittanut Jooga&nbsp;Nidraa&nbsp;usean vuoden ajan. Jooga&nbsp;Nidra, eli tietoisen unen jooga, on ohjattu syv\u00e4rentoutusharjoitus, joka auttaa rauhoittamaan hermostoa, v\u00e4hent\u00e4m\u00e4\u00e4n stressi\u00e4, tukemaan unta ja lis\u00e4\u00e4m\u00e4\u00e4n l\u00e4sn\u00e4oloa.&nbsp;<\/p>\n\n\n\n<p>Jooga Nidra-harjoituksissa keho saa lev\u00e4t\u00e4, samalla kun tietoisuus pysyy hereill\u00e4. Harjoitukset sopivat erityisesti tilanteisiin, joissa mieli k\u00e4y ylikierroksilla tai keho kaipaa palautumista.<\/p>\n\n\n\n<p>Voit tutustua tekem\u00e4\u00e4ni Jooga\u00a0Nidra\u00a0-videoon t\u00e4\u00e4ll\u00e4:\u00a0<a href=\"https:\/\/www.youtube.com\/watch?v=SCrNhcKmuzc\">Jooga Nidra nukahtamiseen ja stressin lievitykseen | Rauhoittava ohjattu harjoitus<\/a>\u00a0<br>Voit my\u00f6s varata ajan henkil\u00f6kohtaiseen Jooga\u00a0Nidra\u00a0-ohjaukseen: <a href=\"https:\/\/varaa.timma.fi\/salsabiloy\">https:\/\/varaa.timma.fi\/salsabiloy<\/a> tai s\u00e4hk\u00f6postitse: asiakaspalvelu@salsabil.fi<\/p>\n\n\n\n<p>\u00a0<\/p>\n","protected":false},"excerpt":{"rendered":"<p>Salsabil Oy \u2013 hyvinvointia ja l\u00e4sn\u00e4oloa syd\u00e4mell\u00e4 Vantaalla Salsabil Oy tarjoaa lempeit\u00e4 ja kokonaisvaltaisia hyvinvointipalveluita Vantaalla Simonkyl\u00e4ss\u00e4 l\u00e4hell\u00e4 Tikkurilaa. Palveluihimme kuuluvat kuppaus, erilaiset rentouttavat ja elvyt\u00adt\u00e4v\u00e4t hoidot sek\u00e4 kosmeettiset palvelut, jotka tukevat sek\u00e4 kehon ett\u00e4 mielen hyvinvointia. Olen&nbsp;Saga,&nbsp;Salsabilin&nbsp;perustaja. Taustaltani olen KTM ja laborantti, ja olen opiskellut kiinalaista l\u00e4\u00e4ketiedett\u00e4 2,5 vuoden ajan. Lis\u00e4ksi olen perehtynyt l\u00e4nsimaisen [&hellip;]<\/p>\n","protected":false},"author":1,"featured_media":0,"parent":0,"menu_order":0,"comment_status":"closed","ping_status":"closed","template":"salsabil","meta":{"om_disable_all_campaigns":false,"_exactmetrics_skip_tracking":false,"_exactmetrics_sitenote_active":false,"_exactmetrics_sitenote_note":"","_exactmetrics_sitenote_category":0,"_monsterinsights_skip_tracking":false,"_monsterinsights_sitenote_active":false,"_monsterinsights_sitenote_note":"","_monsterinsights_sitenote_category":0,"postBodyCss":"","postBodyMargin":[],"postBodyPadding":[],"postBodyBackground":{"backgroundType":"classic","gradient":""},"_themeisle_gutenberg_block_has_review":false,"footnotes":""},"class_list":["post-380","page","type-page","status-publish","hentry"],"aioseo_notices":[],"_links":{"self":[{"href":"https:\/\/salsabil.fi\/index.php?rest_route=\/wp\/v2\/pages\/380","targetHints":{"allow":["GET"]}}],"collection":[{"href":"https:\/\/salsabil.fi\/index.php?rest_route=\/wp\/v2\/pages"}],"about":[{"href":"https:\/\/salsabil.fi\/index.php?rest_route=\/wp\/v2\/types\/page"}],"author":[{"embeddable":true,"href":"https:\/\/salsabil.fi\/index.php?rest_route=\/wp\/v2\/users\/1"}],"replies":[{"embeddable":true,"href":"https:\/\/salsabil.fi\/index.php?rest_route=%2Fwp%2Fv2%2Fcomments&post=380"}],"version-history":[{"count":16,"href":"https:\/\/salsabil.fi\/index.php?rest_route=\/wp\/v2\/pages\/380\/revisions"}],"predecessor-version":[{"id":505,"href":"https:\/\/salsabil.fi\/index.php?rest_route=\/wp\/v2\/pages\/380\/revisions\/505"}],"wp:attachment":[{"href":"https:\/\/salsabil.fi\/index.php?rest_route=%2Fwp%2Fv2%2Fmedia&parent=380"}],"curies":[{"name":"wp","href":"https:\/\/api.w.org\/{rel}","templated":true}]}}